{"id":358,"date":"2022-11-08T10:36:27","date_gmt":"2022-11-08T09:36:27","guid":{"rendered":"https:\/\/fundiuvare.com\/?page_id=358"},"modified":"2022-12-21T10:15:06","modified_gmt":"2022-12-21T09:15:06","slug":"politica-de-privacidad","status":"publish","type":"page","link":"https:\/\/fundiuvare.com\/es\/politica-de-privacidad\/","title":{"rendered":"Pol\u00edtica de privacidad"},"content":{"rendered":"<h1><strong><span>Pol\u00edtica de Privacidad<\/span><\/strong><\/h1>\n<h2><strong><span>Fundaci\u00f3n Iuvare XXI<\/span><\/strong><\/h2>\n<p><span>De acuerdo con la Ley Org\u00e1nica 3\/2018 LOPD-GDD y el Reglamento Europeo RGPD de Protecci\u00f3n de Datos personales, hemos actualizado nuestra Pol\u00edtica de Privacidad.\u00a0En esta web se respetan y cuidan los datos personales de los usuarios.\u00a0Como usuario debes saber que tus derechos est\u00e1n garantizados.<\/span><\/p>\n<p><span>Es necesario advertir que esta Pol\u00edtica de Privacidad podr\u00eda variar en funci\u00f3n de exigencias legislativas o de autorregulaci\u00f3n, por lo que se aconseja a los usuarios que la visiten peri\u00f3dicamente.\u00a0Es aplicable en caso de que los usuarios decidan rellenar alg\u00fan formulario de cualquiera de sus formularios de contacto donde se soliciten datos de car\u00e1cter personal.<\/span><\/p>\n<p><span>Fundaci\u00f3n Iuvare XXI ha adecuado esta web a las exigencias de la Ley Org\u00e1nica 3\/2018 LOPD-GDD y al Reglamento (UE) 2016\/679 del Parlamento Europeo y del Consejo de 27 de abril de 2016 relativo a la protecci\u00f3n de las personas f\u00edsicas RGPD, as\u00ed como con la Ley 34\/2002, de 11 de julio, de Servicios de la Sociedad de la Informaci\u00f3n y Comercio Electr\u00f3nico LSSICE.<\/span><\/p>\n<p><strong><em><span>Responsable del tratamiento de sus datos personales<\/span><\/em><\/strong><strong><em>\u00a0<\/em><\/strong><\/p>\n<ul>\n<li><strong><span>Identidad del Responsable<\/span><\/strong><span>\u00a0: Fundaci\u00f3n Iuvare XXI<\/span><\/li>\n<li><strong><span>DNI:<\/span><\/strong><span>\u00a0XXXXXXXXX<\/span><\/li>\n<li><strong><span>Correo electr\u00f3nico<\/span><\/strong><span>\u00a0: hola@fundiuvare.com<\/span><\/li>\n<li><strong><span>Direcci\u00f3n<\/span><\/strong><span>\u00a0: Pg de Sant Gervasi 75, 3-2<\/span><\/li>\n<li><strong><span>Web<\/span><\/strong><span>\u00a0: www.fundiuvare.com<\/span><\/li>\n<\/ul>\n<p><span>A efectos de lo previsto en el Reglamento General de Protecci\u00f3n de Datos antes mencionado, los datos personales que nos env\u00edes a trav\u00e9s de los formularios de la web, recibir\u00e1n el tratamiento de datos de \u201cUsuarios de la web y suscriptores\u201d.\u00a0Para el tratamiento de datos de los usuarios, implementamos todas las medidas t\u00e9cnicas y organizativas de seguridad establecidas en la legislaci\u00f3n vigente.<\/span><\/p>\n<p><strong>\u00a0<\/strong><\/p>\n<h2><strong><span>Principios que aplicaremos a tu informaci\u00f3n<\/span><\/strong><\/h2>\n<p><span>En el tratamiento de tus datos personales, aplicaremos los siguientes principios que se ajustan a las exigencias del nuevo reglamento europeo de protecci\u00f3n de datos:<\/span><\/p>\n<ul>\n<li><strong><span>Principio de licitud, lealtad y transparencia<\/span><\/strong><span>\u00a0: siempre vamos a requerir tu consentimiento para el tratamiento de tus datos personales para uno o varios fines espec\u00edficos que te informaremos previamente con absoluta transparencia.<\/span><\/li>\n<li><strong><span>Principio de minimizaci\u00f3n de datos<\/span><\/strong><span>\u00a0: s\u00f3lo solicitaremos datos estrictamente necesarios en relaci\u00f3n con los fines para los que los requerimos.<\/span><\/li>\n<li><strong><span>Principio de limitaci\u00f3n del plazo de conservaci\u00f3n<\/span><\/strong><span>\u00a0: los datos ser\u00e1n mantenidos durante no m\u00e1s tiempo del necesario para los fines del tratamiento, en funci\u00f3n de la finalidad, le informaremos del plazo de conservaci\u00f3n correspondiente, en el caso de suscripciones, peri\u00f3dicamente revisamos nuestras listas y eliminamos aquellos registros inactivos durante un tiempo considerable.<\/span><\/li>\n<li><strong><span>Principio de integridad y confidencialidad:<\/span><\/strong><span>\u00a0tus datos ser\u00e1n tratados de tal forma que se garantice una seguridad adecuada de los datos personales y se garantice confidencialidad.\u00a0Tomamos todas las precauciones necesarias para evitar el acceso no autorizado o uso indebido de los datos de nuestros usuarios por terceros.<\/span><\/li>\n<\/ul>\n<h2><\/h2>\n<h2><strong><span>\u00bfC\u00f3mo hemos obtenido los datos?<\/span><\/strong><\/h2>\n<p><strong>\u00a0<\/strong><span>Los datos personales que tratamos proceden de:<\/span><\/p>\n<ul>\n<li><span>Formulario de contacto<\/span><\/li>\n<li><span>Correo electr\u00f3nico<\/span><\/li>\n<li><span>Proyectos<\/span><\/li>\n<li><span>Tel\u00e9fono<\/span><\/li>\n<li><span>Web<\/span><\/li>\n<li><span>Visitas<\/span><\/li>\n<\/ul>\n<h2><\/h2>\n<h2><strong><span>\u00bfCu\u00e1les son tus derechos cuando nos facilitas tus datos?<\/span><\/strong><\/h2>\n<p><span>Las personas interesadas tienen derecho a:<\/span><\/p>\n<ul>\n<li><span>Solicitar el acceso a los datos personales relativos al interesado<\/span><\/li>\n<li><span>Solicitar su rectificaci\u00f3n<\/span><\/li>\n<li><span>Solicitar la baja de nuestra base de datos<\/span><\/li>\n<li><span>Solicitar la limitaci\u00f3n de su tratamiento<\/span><\/li>\n<li><span>Oponerse al tratamiento<\/span><\/li>\n<\/ul>\n<p><span>Los interesados \u200b\u200bpodr\u00e1n acceder a sus datos personales, as\u00ed como solicitar la rectificaci\u00f3n de los datos inexactos o, en su caso, solicitar su eliminaci\u00f3n cuando, entre otros motivos, los datos ya no sean necesarios para los fines que fueron recogidas.\u00a0En determinadas circunstancias, los interesados \u200b\u200bpodr\u00e1n solicitar la limitaci\u00f3n del tratamiento de sus datos, en cuyo caso \u00fanicamente los conservaremos para el ejercicio o la defensa de reclamaciones.\u00a0En determinadas circunstancias y por motivos relacionados con su situaci\u00f3n particular, los interesados \u200b\u200bpodr\u00e1n oponerse al tratamiento de sus datos.\u00a0Fundaci\u00f3n Iuvare XXI dejar\u00e1 de tratar los datos, salvo por motivos imperiosos leg\u00edtimos, o el ejercicio o la defensa de posibles reclamaciones.\u00a0Como interesado, tienes derecho a recibir los datos personales que te incumban,<\/span><\/p>\n<ul>\n<li><span>El tratamiento est\u00e9 basado en el consentimiento<\/span><\/li>\n<li><span>Los datos hayan sido facilitados por la persona interesada.<\/span><\/li>\n<li><span>El tratamiento se efect\u00fae por medios automatizados.<\/span><\/li>\n<\/ul>\n<p><span>Los interesados \u200b\u200btambi\u00e9n tendr\u00e1n derecho a la tutela judicial efectiva ya presentar una reclamaci\u00f3n ante la autoridad de control, en este caso, la Agencia Espa\u00f1ola de Protecci\u00f3n de Datos, si consideran que el tratamiento de datos personales que le conciernen infringe el Reglamento.<\/span><\/p>\n<h2><\/h2>\n<h2><strong><span>\u00bfCon qu\u00e9 finalidad tratamos tus datos personales?<\/span><\/strong><\/h2>\n<p><span>Sus datos personales s\u00f3lo se utilizar\u00e1n para las siguientes finalidades:<\/span><\/p>\n<ul>\n<li><span>Realizar las gestiones comerciales y administrativas necesarias con los usuarios de la web.<\/span><\/li>\n<li><span>Enviar las comunicaciones comerciales publicitarias por e-mail, fax, SMS, MMS, comunidades sociales o cualquier otro medio electr\u00f3nico o f\u00edsico, en caso de que el Usuario haya consentido expresamente el env\u00edo de comunicaciones comerciales por v\u00eda electr\u00f3nica mediante la suscripci\u00f3n del bolet\u00edn.<\/span><\/li>\n<li><span>Responder a las consultas y\/o proporcionar informaciones requeridas por el Usuario;<\/span><\/li>\n<li><span>Realizar las prestaciones de servicios y\/o productos contratados o suscritos por el Usuario<\/span><\/li>\n<li><span>Utilizar sus datos para contactarnos, tanto por v\u00eda electr\u00f3nica como no electr\u00f3nica, para obtener su opini\u00f3n sobre el servicio prestado.<\/span><\/li>\n<li><span>Notificar cambios, desarrollos importantes de la pol\u00edtica de privacidad, aviso legal o pol\u00edtica de cookies.<\/span><\/li>\n<li><span>Los datos de clientes y\/o proveedores ser\u00e1n tratados, dentro de la relaci\u00f3n contractual que les vincula con el responsable, en cumplimiento de las obligaciones administrativas, fiscales, contables y laborales que sean necesarias en virtud de la legislaci\u00f3n vigente.<\/span><\/li>\n<\/ul>\n<p><span>Puede revocar en cualquier momento su consentimiento remitiendo un escrito con el asunto Baja a hola@fundiuvare.com.<\/span><\/p>\n<p><span>De acuerdo con la LSSICE, Fundaci\u00f3n Iuvare XXI no realiza pr\u00e1cticas de SPAM, por tanto, no env\u00eda correos comerciales por e-mail que no hayan sido previamente solicitados o autorizados por el Usuario.\u00a0En consecuencia, en todas las comunicaciones que recibir\u00e1 de prestamista, el usuario tiene la posibilidad de cancelar su consentimiento expreso para recibir nuestras comunicaciones.<\/span><\/p>\n<p><span>No trataremos sus datos personales para ninguna otra finalidad de las descritas salvo por obligaci\u00f3n legal o requerimiento judicial.<\/span><\/p>\n<p><span>De acuerdo con lo que establece la Ley Org\u00e1nica 3\/2018 (LOPD-GDD) y el Reglamento General de protecci\u00f3n de datos europeo (RGPD) 2016\/679, Fundaci\u00f3n Iuvare XXI ser\u00e1 responsable del tratamiento de los datos correspondientes a Usuarios de la web y suscriptores.\u00a0Fundaci\u00f3n Iuvare XXI no vende, alquila ni cede datos de car\u00e1cter personal que puedan identificar al usuario, ni lo har\u00e1 en el futuro, a terceros sin previo consentimiento.\u00a0Siempre se realizar\u00e1 con los m\u00e1s estrictos est\u00e1ndares de seguridad.<\/span><\/p>\n<h2><strong><span>Enviar un mensaje de correo electr\u00f3nico a efectos de contacto<\/span><\/strong><\/h2>\n<p><span>Un caso especial de tratamiento de datos en Fundaci\u00f3n Iuvare XXI, se refiere a los mensajes de correo electr\u00f3nico que los usuarios env\u00edan a fin de contactar con nuestra empresa para realizar preguntas sobre nuestros productos.\u00a0Aunque existe un formulario de captaci\u00f3n de datos, a efectos de contacto, los usuarios pueden tambi\u00e9n enviar mensajes de correo electr\u00f3nico.\u00a0Para ello, Fundaci\u00f3n Iuvare XXI utiliza el sistema de correo electr\u00f3nico Gmail (Google).\u00a0Los mensajes de los usuarios con este prop\u00f3sito quedan almacenados en la cuenta de Gmail de Fundaci\u00f3n Iuvare XXI y los datos correspondientes (email y nombre) bajo la pol\u00edtica de privacidad de Google.\u00a0Los datos almacenados en la cuenta de Gmail ni se ceden ni se comparten con nadie;\u00a0y puedes ejercer tus derechos legales, seg\u00fan se especifica en esta pol\u00edtica de privacidad.<\/span><\/p>\n<p>&nbsp;<\/p>\n<h2><strong><span>Legitimaci\u00f3n para el tratamiento de tus datos<\/span><\/strong><\/h2>\n<p><span>La base legal para el tratamiento de los datos es su consentimiento otorgado para realizar las finalidades anteriormente descritas, que se solicitar\u00e1 en el momento de marcado de la casilla correspondiente a la hora de recoger sus datos.<\/span><\/p>\n<p><span>El no facilitar los datos personales solicitados o no aceptar la presente pol\u00edtica de protecci\u00f3n de datos supone la imposibilidad de suscribir, registrar o recibir informaci\u00f3n de los productos y servicios del prestador.<\/span><\/p>\n<p><span>Para contactar o enviar formularios a esta web se requiere el consentimiento de esta Pol\u00edtica de privacidad.\u00a0La oferta prospectiva o comercial de productos y servicios est\u00e1 basada en el consentimiento que se le solicita.<\/span><\/p>\n<p><span>En los casos en que exista una previa relaci\u00f3n contractual entre las partes, la legitimaci\u00f3n para el desarrollo de las obligaciones administrativas, fiscales, contables y laborales que sean necesarias en virtud de la legislaci\u00f3n vigente ser\u00e1 la existencia previa de la relaci\u00f3n comercial establecida entre las partes.\u00a0En los casos en que exista una previa relaci\u00f3n contractual entre las partes, la legitimaci\u00f3n para el desarrollo de las obligaciones administrativas, fiscales, contables y laborales que sean necesarias en virtud de la legislaci\u00f3n vigente ser\u00e1 la existencia previa de la relaci\u00f3n comercial establecida entre las partes.<\/span><\/p>\n<p><strong>\u00a0<\/strong><\/p>\n<h2><strong><span>Categor\u00eda de datos<\/span><\/strong><\/h2>\n<p><span>Las categor\u00edas de datos que se tratan son datos identificativos.\u00a0Se tratan categor\u00edas de datos especialmente protegidas.<\/span><\/p>\n<p><strong><span>\u00bfPor cu\u00e1nto tiempo conservaremos tus datos?<\/span><\/strong><\/p>\n<p><strong><span>Los datos personales proporcionados se conservar\u00e1n:<\/span><\/strong><\/p>\n<p><span>Hasta que no se solicite su baja por el interesado.<\/span><\/p>\n<p><strong><span>\u00bfA qu\u00e9 destinatarios se comunicar\u00e1n sus datos?<\/span><\/strong><\/p>\n<p><span>Muchas herramientas que utilizamos para gestionar tus datos son contratados por terceros.\u00a0Para prestar servicios estrictamente necesarios para el desarrollo de la actividad, www.fundiuvare.com comparte datos con los siguientes prestamistas bajo sus correspondientes condiciones de privacidad:<\/span><\/p>\n<p><strong><span>Google Analytics:<\/span><\/strong><span>\u00a0un servicio anal\u00edtico de web prestado por Google, Inc., una compa\u00f1\u00eda de Delaware cuya oficina principal en 1600 Amphitheatre Parkway, Mountain View (California), CA 94043, Estados Unidos ( \u201cGoogle\u201d).\u00a0Google Analytics utiliza \u201ccookies\u201d, que son archivos de texto ubicados en tu ordenador, para ayudar a Fundaci\u00f3n Iuvare XXI a analizar el uso que hacen los usuarios del sitio web.\u00a0La informaci\u00f3n que genera la cookie sobre su uso de www.fundiuvare.com ser\u00e1 directamente transmitida y archivada por Google en los servidores de Estados Unidos.\u00a0La direcci\u00f3n IP es anonimizada, por lo que no ser\u00e1 recopilada por Google.<\/span><\/p>\n<p><strong><span>Gmail.\u00a0<\/span><\/strong><span>En este servicio se almacenan los mensajes enviados por los usuarios a efectos de contacto.<\/span><\/p>\n<p>&nbsp;<\/p>\n<h2><strong><span>Navegaci\u00f3n<\/span><\/strong><\/h2>\n<p><span>Al navegar por www.fundiuvare.com se pueden recoger datos no identificables, que pueden incluir, direcciones IP, ubicaci\u00f3n geogr\u00e1fica (aproximadamente), un registro de c\u00f3mo se utilizan los servicios y sitios, y otros datos que no pueden ser utilizados para identificar el usuario.\u00a0Entre los datos no identificativos est\u00e1n tambi\u00e9n los relacionados con tus h\u00e1bitos de navegaci\u00f3n a trav\u00e9s de servicios de terceros.<\/span><\/p>\n<p><strong>\u00a0<\/strong><\/p>\n<h2><strong><span>Esta web utiliza los siguientes servicios de an\u00e1lisis de terceros:<\/span><\/strong><\/h2>\n<p>&nbsp;<\/p>\n<ul>\n<li><strong><span>Google Analytics<\/span><\/strong><\/li>\n<\/ul>\n<p><span>Utilizamos esta informaci\u00f3n para analizar tendencias, administrar el sitio, rastrear los movimientos de los usuarios alrededor del sitio y para recopilar informaci\u00f3n demogr\u00e1fica sobre nuestra base de usuarios en su conjunto.<\/span><\/p>\n<p><strong>\u00a0<\/strong><\/p>\n<h2><strong><span>Secreto y seguridad de los datos<\/span><\/strong><\/h2>\n<p><span>www.fundiuvare.com se compromete al uso y tratamiento de los datos incluidos personales de los usuarios, respetando su confidencialidad ya utilizarlos de acuerdo con la finalidad del mismo, as\u00ed como a dar cumplimiento a su obligaci\u00f3n de guardar y adaptar todas las medidas para evitar la alteraci\u00f3n, p\u00e9rdida, tratamiento o acceso no autorizado, de conformidad con lo que establece la normativa vigente de protecci\u00f3n de datos.<\/span><\/p>\n<p>&nbsp;<\/p>\n<p><span>www.fundiuvare.com no puede garantizar la absoluta inexpugnabilidad de la red Internet y por tanto la violaci\u00f3n de los datos mediante accesos fraudulentos a ellos por parte de terceros.<\/span><\/p>\n<p><span>En cuanto a la confidencialidad del procesamiento, Fundaci\u00f3n Iuvare XXI debe asegurarse de que cualquier persona que est\u00e9 autorizada por nosotros para procesar los datos del cliente (incluido su personal, colaboradores y prestamistas), estar\u00e1 bajo la obligaci\u00f3n apropiada de confidencialidad (ya sea un deber contractual o legal).<\/span><\/p>\n<p><span>Cuando se presente alg\u00fan incidente de seguridad, al darse cuenta Fundaci\u00f3n Iuvare XXI, notificar\u00e1 al Cliente sin demoras indebidas y proporcionar\u00e1 informaci\u00f3n oportuna relacionada con el Incidente de Seguridad tal y como se conozca o cuando el Cliente lo solicite razonablemente .<\/span><\/p>\n<p>&nbsp;<\/p>\n<p><strong><span>Exactitud y veracidad de los datos<\/span><\/strong><span>\u00a0Como usuario, eres el \u00fanico responsable de la veracidad y correcci\u00f3n de los datos que hagas llegar a www.fundiuvare.com exonerando a Fundaci\u00f3n Iuvare XXI, de cualquier responsabilidad al respecto.<\/span><\/p>\n<p>&nbsp;<\/p>\n<p><span>Los usuarios garantizan y responden, en cualquier caso, de la exactitud, vigencia y autenticidad de los datos personales facilitados, comprometi\u00e9ndose a mantenerlos debidamente actualizados.\u00a0El usuario acepta proporcionar informaci\u00f3n completa y correcta en el formulario de contacto o de Cursos y Eventos.<\/span><\/p>\n<p><strong>\u00a0<\/strong><\/p>\n<h2><strong><span>Aceptaci\u00f3n y consentimiento<\/span><\/strong><\/h2>\n<p><span>El usuario declara haber sido informado de las condiciones sobre protecci\u00f3n de datos de car\u00e1cter personal, aceptando y consintiendo el tratamiento de los mismos por parte de Fundaci\u00f3n Iuvare XXI en la forma y fines indicados en esta pol\u00edtica de privacidad.<\/span><\/p>\n<p>&nbsp;<\/p>\n<h2><strong><span>Revocabilidad<\/span><\/strong><\/h2>\n<p><span>El consentimiento prestado, tanto por el tratamiento como por la cesi\u00f3n de los datos de los interesados, es revocable en cualquier momento comunic\u00e1ndolo a Fundaci\u00f3n Iuvare XXI en los t\u00e9rminos establecidos en esta Pol\u00edtica para el ejercicio de los derechos ARCO.\u00a0Esta revocaci\u00f3n en ning\u00fan caso tendr\u00e1 car\u00e1cter retroactivo.<\/span><\/p>\n<p>&nbsp;<\/p>\n<h2><strong><span>Cambios en la pol\u00edtica de privacidad<\/span><\/strong><\/h2>\n<p><span>Fundaci\u00f3n Iuvare XXI se reserva el derecho a modificar la presente pol\u00edtica para adaptarla a novedades legislativas o jurisprudenciales, as\u00ed como a pr\u00e1cticas de la industria.\u00a0En estos supuestos, Fundaci\u00f3n Iuvare XXI anunciar\u00e1 en esta p\u00e1gina los cambios introducidos con razonable antelaci\u00f3n a su puesta en pr\u00e1ctica.<\/span><\/p>\n<p>&nbsp;<\/p>\n<h2><strong><span>Correos comerciales<\/span><\/strong><\/h2>\n<p><span>De acuerdo con la LSSICE, www.fundiuvare.com no realiza pr\u00e1cticas de SPAM, por lo que no env\u00eda correos comerciales por v\u00eda electr\u00f3nica que no hayan sido previamente solicitados o autorizados por el usuario.<\/span><\/p>\n<p><span>De acuerdo con lo dispuesto en la Ley 34\/2002 de Servicios de la Sociedad de la Informaci\u00f3n y de Comercio Electr\u00f3nico, www.fundiuvare.com se compromete a no enviar comunicaciones de car\u00e1cter comercial sin identificarlas debidamente.<\/span><\/p>\n<p>&nbsp;<\/p>\n<h2><strong><span>Medios Oficiales de Comunicaci\u00f3n<\/span><\/strong><\/h2>\n<p><span>Se informa al usuario que los medios habilitados por la empresa para comunicarse con clientes y otros afectados es el tel\u00e9fono corporativo, los tel\u00e9fonos m\u00f3viles de empresa y el correo electr\u00f3nico corporativo.<\/span><\/p>\n<p><span>Si usted env\u00eda informaci\u00f3n personal a trav\u00e9s de un medio de comunicaci\u00f3n distinto a los indicados en este apartado, Fundaci\u00f3n Iuvare XXI queda exenta de responsabilidad en relaci\u00f3n con las medidas de seguridad que disponga el medio en cuesti\u00f3n.<\/span><\/p>\n<p>&nbsp;<\/p>\n<h2><strong><span>Destinatarios de Cesiones o Transferencias<\/span><\/strong><\/h2>\n<p><span>Fundaci\u00f3n Iuvare XXI no lleva a cabo ninguna cesi\u00f3n o comunicaci\u00f3n de datos a menos que exista necesidad razonable para cumplir con un procedimiento judicial, obligaci\u00f3n legal o previa obtenci\u00f3n del consentimiento del usuario.<\/span><\/p>\n<p><span>Tampoco se realizar\u00e1n transferencias internacionales de sus datos de car\u00e1cter personal sin su previo consentimiento sin perjuicio de poder bloquear o cancelar su cuenta si puede haber indicios de la comisi\u00f3n de alg\u00fan delito por parte del usuario.\u00a0La informaci\u00f3n facilitada ser\u00e1 s\u00f3lo la que disponga en ese momento el prestamista.<\/span><\/p>\n<p><span>Fundaci\u00f3n Iuvare XXI no ceder\u00e1 los datos recogidos a terceros a menos que haya necesidad razonable para cumplir con un procedimiento judicial, obligaci\u00f3n legal o previa obtenci\u00f3n del consentimiento del usuario.<\/span><\/p>\n<p>&nbsp;<\/p>\n<h2><strong><span>Lengua<\/span><\/strong><\/h2>\n<p><span>El idioma aplicable a esa pol\u00edtica de privacidad es el catal\u00e1n.\u00a0Por tanto, en caso de que hubiera alguna contradicci\u00f3n en alguna de las versiones facilitadas en otros idiomas, prevalecer\u00e1 la versi\u00f3n en catal\u00e1n.<\/span><\/p>\n<p>&nbsp;<\/p>\n<h2><strong><span>Legislaci\u00f3n<\/span><\/strong><\/h2>\n<p><span>A todos los efectos las relaciones entre Fundaci\u00f3n Iuvare XXI con los Usuarios de sus servicios telem\u00e1ticos, presentes en esta web, est\u00e1n sometidos a la legislaci\u00f3n y jurisdicci\u00f3n espa\u00f1ola a la que se someten expresamente las partes, siendo competentes para la resoluci\u00f3n de todos los conflictos derivados o relacionados con su uso los Juzgados y Tribunales de Barcelona.<\/span><\/p>\n<p>&nbsp;<\/p>\n<h2><strong><span>Propiedad intelectual e industrial<\/span><\/strong><\/h2>\n<p><span>Fundaci\u00f3n Iuvare XXI por s\u00ed misma o como cesionaria, es titular de todos los derechos de propiedad intelectual e industrial de su p\u00e1gina web, as\u00ed como de los elementos contenidos en la misma (a t\u00edtulo enunciativo, im\u00e1genes, sonido, audio, v\u00eddeo , software o textos, marcas o logotipos, combinaciones de colores, estructura y dise\u00f1o, selecci\u00f3n de materiales usados, programas de ordenador necesarios para su funcionamiento, acceso y uso, etc.), titularidad de Fundaci\u00f3n Iuvare XXI Ser\u00e1n, por tanto, obras protegidas como propiedad intelectual por el ordenamiento jur\u00eddico espa\u00f1ol, ser\u00e1 de aplicaci\u00f3n tanto la normativa espa\u00f1ola y comunitaria en este campo, como los tratados internacionales relativos a la materia y suscritos por Espa\u00f1a.<\/span><\/p>\n<p><span>Todos los derechos reservados.\u00a0En virtud de lo dispuesto en la Ley de Propiedad Intelectual, quedan expresamente prohibidas la reproducci\u00f3n, distribuci\u00f3n y comunicaci\u00f3n p\u00fablica, incluida su modalidad de puesta a disposici\u00f3n, de la totalidad o parte de los contenidos de esta p\u00e1gina web, con fines comerciales, en cualquier soporte y por cualquier medio t\u00e9cnico, sin la autorizaci\u00f3n de Fundaci\u00f3n Iuvare XXI.<\/span><\/p>\n<p><span>El usuario se compromete a respetar los derechos de Propiedad Intelectual e Industrial titularidad de Fundaci\u00f3n Iuvare XXI Podr\u00e1 visualizar los elementos del portal e incluso imprimirlos, copiarlos y almacenarlos en el disco duro de su ordenador o en cualquier otro soporte f\u00edsico siempre que sea, \u00fanica y exclusivamente, para su uso personal y privado.\u00a0El usuario deber\u00e1 abstenerse de suprimir, alterar, eludir o manipular cualquier dispositivo de protecci\u00f3n o sistema de seguridad que estuviera instalado en las p\u00e1ginas de Fundaci\u00f3n Iuvare XXI.<\/span><\/p>\n","protected":false},"excerpt":{"rendered":"<p>Pol\u00edtica de Privacidad Fundaci\u00f3n Iuvare XXI De acuerdo con la Ley Org\u00e1nica 3\/2018 LOPD-GDD y el Reglamento Europeo RGPD de Protecci\u00f3n de Datos personales, hemos actualizado nuestra Pol\u00edtica de Privacidad.\u00a0En&#8230;<\/p>\n","protected":false},"author":1,"featured_media":0,"parent":0,"menu_order":0,"comment_status":"closed","ping_status":"closed","template":"","meta":{"footnotes":""},"class_list":["post-358","page","type-page","status-publish"],"_links":{"self":[{"href":"https:\/\/fundiuvare.com\/es\/wp-json\/wp\/v2\/pages\/358","targetHints":{"allow":["GET"]}}],"collection":[{"href":"https:\/\/fundiuvare.com\/es\/wp-json\/wp\/v2\/pages"}],"about":[{"href":"https:\/\/fundiuvare.com\/es\/wp-json\/wp\/v2\/types\/page"}],"author":[{"embeddable":true,"href":"https:\/\/fundiuvare.com\/es\/wp-json\/wp\/v2\/users\/1"}],"replies":[{"embeddable":true,"href":"https:\/\/fundiuvare.com\/es\/wp-json\/wp\/v2\/comments?post=358"}],"version-history":[{"count":1,"href":"https:\/\/fundiuvare.com\/es\/wp-json\/wp\/v2\/pages\/358\/revisions"}],"predecessor-version":[{"id":359,"href":"https:\/\/fundiuvare.com\/es\/wp-json\/wp\/v2\/pages\/358\/revisions\/359"}],"wp:attachment":[{"href":"https:\/\/fundiuvare.com\/es\/wp-json\/wp\/v2\/media?parent=358"}],"curies":[{"name":"wp","href":"https:\/\/api.w.org\/{rel}","templated":true}]}}