{"id":355,"date":"2022-12-21T09:31:41","date_gmt":"2022-12-21T08:31:41","guid":{"rendered":"https:\/\/fundiuvare.com\/?page_id=355"},"modified":"2022-12-21T09:35:12","modified_gmt":"2022-12-21T08:35:12","slug":"aviso-legal","status":"publish","type":"page","link":"https:\/\/fundiuvare.com\/es\/aviso-legal\/","title":{"rendered":"Aviso Legal"},"content":{"rendered":"<h1><strong><span>Aviso Legal<\/span><\/strong><\/h1>\n<h2><strong><span>Fundaci\u00f3n Iuvare XXI<\/span><\/strong><\/h2>\n<p><span>En cumplimiento del art\u00edculo 10 de la Ley 34\/2002, de 11 de julio, de Servicios de la Sociedad de la Informaci\u00f3n y del Comercio Electr\u00f3nico (LSSICE), Fundaci\u00f3n Iuvare XXI, Responsable de esta p\u00e1gina web, pone a disposici\u00f3n de los Usuarios la presente informaci\u00f3n, para definir sus Condiciones de Uso.<\/span><\/p>\n<p><span>Adicionalmente a los contenidos aqu\u00ed expuestos, los aspectos espec\u00edficos relacionados con la protecci\u00f3n de los datos personales y la privacidad de los usuarios de esta web se desarrollan en la p\u00e1gina de Pol\u00edtica de Privacidad.<\/span><\/p>\n<p><span>El uso de este sitio web, www.fundiuvare.com, implica la aceptaci\u00f3n de estos t\u00e9rminos.\u00a0Si usted no est\u00e1 de acuerdo con ellos, le rogamos que no utilice este sitio web.<\/span><\/p>\n<p><span>El presente Aviso Legal regula el uso del sitio web www.fundiuvare.com siendo su titular Fundaci\u00f3n Iuvare XXI con DNI XXXXXXXXX.<\/span><\/p>\n<h2><strong><em><span>Responsable del tratamiento de sus datos personales<\/span><\/em><\/strong><\/h2>\n<ul>\n<li><strong><span>Identidad del Responsable<\/span><\/strong><span>\u00a0: Fundaci\u00f3n Iuvare XXI<\/span><\/li>\n<li><strong><span>DNI:<\/span><\/strong><span>\u00a0XXXXXXXXX<\/span><\/li>\n<li><strong><span>Correo electr\u00f3nico<\/span><\/strong><span>\u00a0: hola@fundiuvare.com<\/span><\/li>\n<li><strong><span>Direcci\u00f3n<\/span><\/strong><span>\u00a0: Pg de Sant Gervasi 75, 3-2, 08022 Barcelona<\/span><\/li>\n<li><strong><span>Web<\/span><\/strong><span>\u00a0: www.fundiuvare.com<\/span><\/li>\n<\/ul>\n<p><span>Fundaci\u00f3n Iuvare XXI est\u00e1 constituida en relaci\u00f3n con la protecci\u00f3n de datos de acuerdo con los requisitos de la legislaci\u00f3n vigente:<\/span><\/p>\n<p><span>&#8211; Normativa Europea RGPD 2016\/679 respecto al tratamiento de Datos Personales.<\/span><\/p>\n<p><span>&#8211; Ley Org\u00e1nica 3\/2018 LOPD-GDD de Protecci\u00f3n de Datos Personales y garant\u00eda de Derechos Digitales.<\/span><\/p>\n<p><span>&#8211; Ley de Servicios de la Sociedad de la Informaci\u00f3n y Comercio Electr\u00f3nico, LSSICE.<\/span><\/p>\n<p><span>En cumplimiento de lo dispuesto en el Reglamento Europeo 2016\/679 de Protecci\u00f3n de Datos de Car\u00e1cter Personal, RGPD, y la Ley Org\u00e1nica 3\/2018, LOPD-GDD Fundaci\u00f3n Iuvare XXI, le informa que los datos de car\u00e1cter personal que nos proporcione a la secci\u00f3n Contacto, se recoger\u00e1n en nuestras bases de datos siendo responsable Fundaci\u00f3n Iuvare XXI<\/span><\/p>\n<p><span>Podr\u00e1 ejercer sus derechos de acceso, rectificaci\u00f3n, portabilidad y supresi\u00f3n de sus datos y los de limitaci\u00f3n y oposici\u00f3n a su tratamiento en los t\u00e9rminos y condiciones previstos en la normativa legal vigente, dirigi\u00e9ndose por escrito a Fundaci\u00f3n Iuvare XXI situada en Pg de Sant Gervasi 75, 3-2, 08022 Barcelona, \u200b\u200bo si lo prefiere con un e-mail a hola@fundiuvare.com.<\/span><\/p>\n<p><span>De conformidad con el art\u00edculo 32 del RGPD y con el marco normativo general de protecci\u00f3n de datos, Fundaci\u00f3n Iuvare XXI ha adoptado las medidas de seguridad, t\u00e9cnicas, organizativas y de control proactivo necesarias.\u00a0Todo esto, en funci\u00f3n del an\u00e1lisis previo del riesgo de las operaciones de tratamiento realizadas.<\/span><\/p>\n<p><span>Fundaci\u00f3n Iuvare XXI se compromete a llevar un registro de las actividades de tratamiento tal y como se dispone en el art\u00edculo 30.2 del RGPD.<\/span><\/p>\n<p><span>Le pedimos que comunique inmediatamente a Fundaci\u00f3n Iuvare XXI cualquier modificaci\u00f3n de sus datos de car\u00e1cter personal para que la informaci\u00f3n contenida en nuestros ficheros est\u00e9 siempre actualizada y no contenga errores.<\/span><\/p>\n<p><span>Asimismo, con la aceptaci\u00f3n de este Aviso Legal reconoce que la informaci\u00f3n y datos personales recogidos son exactos y veraces.\u00a0La recogida de sus datos de car\u00e1cter personal se realiza con la finalidad de prestar los servicios solicitados y remitirle informaci\u00f3n sobre la entidad u ofertas comerciales de otros productos y servicios, avisos y, en general, informaci\u00f3n de Fundaci\u00f3 Iuvare XXI que pueda ser de su inter\u00e9s.\u00a0De conformidad con lo que prev\u00e9 la normativa actual vigente, al rellenar cualquiera de los formularios que aparecen en nuestra p\u00e1gina web, da su consentimiento para que sus datos sean tratados, con el fin de dirigir informaci\u00f3n, siempre en el \u00e1mbito de las funciones leg\u00edtimas de cedente y cesionario.<\/span><\/p>\n<p><span>Tambi\u00e9n autoriza a Fundaci\u00f3n Iuvare XXI para que puedan remitirle comunicaciones comerciales a trav\u00e9s del correo electr\u00f3nico o de cualquier otro medio de comunicaci\u00f3n electr\u00f3nica equivalente.\u00a0Las autorizaciones para el env\u00edo de informaci\u00f3n comercial, cesi\u00f3n de datos y env\u00edo de comunicaciones comerciales por medios electr\u00f3nicos ser\u00e1n revocables, en cualquier momento, mediante comunicaci\u00f3n escrita dirigida a Fundaci\u00f3n Iuvare XXI a la direcci\u00f3n antes mencionada, en la que deber\u00e1 indicar los siguientes datos por su identificaci\u00f3n: nombre y direcci\u00f3n.<\/span><\/p>\n<p><span>Fundaci\u00f3n Iuvare XXI se compromete a tratar de forma absolutamente confidencial sus datos de car\u00e1cter personal ya utilizarlo s\u00f3lo para las finalidades indicadas.<\/span><\/p>\n<p><span>Fundaci\u00f3n Iuvare XXI informa que proceder\u00e1 a tratar los datos de forma l\u00edcita, leal, transparente, adecuada, pertinente, limitada, exacta y actualizada.\u00a0Por ello, Fundaci\u00f3n Iuvare XXI se compromete a adoptar todas las medidas razonables para que \u00e9stos se supriman o rectifiquen sin dilaci\u00f3n cuando sean inexactos.<\/span><\/p>\n<p><span>Asimismo, le informamos que Fundaci\u00f3n Iuvare XXI tiene implantadas las medidas t\u00e9cnicas y organizativas necesarias para garantizar la seguridad de sus datos de car\u00e1cter personal y evitar su alteraci\u00f3n, p\u00e9rdida y tratamiento y\/o acceso no autorizado, teniendo en cuenta el estado de la tecnolog\u00eda, la naturaleza de los datos almacenados y los riesgos, provenientes de la acci\u00f3n humana o del medio f\u00edsico y natural, a los que est\u00e1n expuestos.<\/span><\/p>\n<h2><strong><em><span>Contenido, t\u00e9rminos legales y responsabilidades.<\/span><\/em><\/strong><\/h2>\n<p><span>El sitio web incluye contenidos elaborados por el titular del mismo y sus colaboradores, que tienen fines meramente informativos, ya que en alguna ocasi\u00f3n, \u00e9stos podr\u00edan no reflejar la actualidad m\u00e1s reciente, por lo que en cualquier momento estos contenidos podr\u00e1n ser modificados y\/o sustituidos por unos nuevos, sin notificaci\u00f3n previa, ni responsabilidad alguna.<\/span><\/p>\n<p><span>Los contenidos del sitio web no pueden ser considerados, en ning\u00fan caso, como sustitutivos de cualquier tipo de asesoramiento.\u00a0No existir\u00e1 ning\u00fan tipo de relaci\u00f3n comercial, profesional, ni ning\u00fan tipo de relaci\u00f3n de otra \u00edndole con los profesionales que integran el sitio web por el mero hecho del acceso a la misma por parte de los usuarios.<\/span><\/p>\n<p><span>Para el caso de existir enlaces con diferentes sitios web, Fundaci\u00f3n Iuvare XXI, no se har\u00e1 responsable de su contenido al carecer de control sobre los mismos.<\/span><\/p>\n<p><span>El usuario cuando accede al sitio web, lo hace por su propia cuenta y riesgo.\u00a0Fundaci\u00f3n Iuvare XXI no garantiza ni la rapidez, ni la interrupci\u00f3n, ni la ausencia de virus en el sitio web.\u00a0Asimismo, el titular del sitio web, los colaboradores, sus socios, empleados y representantes tampoco podr\u00e1n ser considerados responsables por cualquier da\u00f1o derivado de la utilizaci\u00f3n de este sitio web, ni por cualquier actuaci\u00f3n realizada en base a la informaci\u00f3n que en \u00e9l se facilita.<\/span><\/p>\n<p><span>No se garantiza la ausencia de virus u otros elementos lesivos que pudieran causar da\u00f1os o alteraciones en el sistema inform\u00e1tico, en los documentos electr\u00f3nicos o en los archivos del usuario de este sitio web.\u00a0En consecuencia, no se responde por los da\u00f1os y perjuicios que estos elementos pudieran ocasionar al usuario oa terceros.<\/span><\/p>\n<h2><strong><em><span>Modificaciones<\/span><\/em><\/strong><\/h2>\n<p><span>Fundaci\u00f3n Iuvare XXI se reserva el derecho a realizar las modificaciones que considere oportunas, sin previo aviso, en el contenido de su sitio web.\u00a0Tanto en lo que se refiere a los contenidos de la p\u00e1gina web, como en las condiciones de uso de la misma.\u00a0Estas modificaciones podr\u00e1n realizarse a trav\u00e9s de su sitio web por cualquier forma admisible en derecho y ser\u00e1n de obligado cumplimiento durante el tiempo en que se encuentren publicadas en la web y hasta que no sean modificadas v\u00e1lidamente por otras posteriores.<\/span><\/p>\n<h2><strong><em><span>Marcas<\/span><\/em><\/strong><\/h2>\n<p><span>En Fundaci\u00f3n Iuvare XXI puede que se mencionen de forma indirecta ya nivel informativo algunos t\u00e9rminos y logotipos, que constituyen marcas registradas por sus respectivos propietarios, no haci\u00e9ndonos responsable de la utilizaci\u00f3n inadecuada que pudieran hacer terceras personas respecto a estas marcas.<\/span><\/p>\n<h2><strong><em><span>Usuario y R\u00e9gimen de Responsabilidades<\/span><\/em><\/strong><\/h2>\n<p><span>La utilizaci\u00f3n de esta p\u00e1gina Web le atribuye la condici\u00f3n de usuario de la misma.\u00a0Se recomienda al usuario que lea atenta y detenidamente las condiciones e instrucciones publicadas cada vez que acceda a esta p\u00e1gina web, dado que el acceso implica su lectura y aceptaci\u00f3n.\u00a0Mediante el acceso y uso a www.fundiuvare.com o cualquiera de sus p\u00e1ginas y subdominios, el usuario manifiesta su acuerdo de forma expresa, plena y sin reservas a las condiciones e instrucciones publicadas en el aviso legal en el momento del acceso sin perjuicio de la aplicaci\u00f3n de la correspondiente normativa de obligado cumplimiento legal en su caso.<\/span><\/p>\n<p><span>El sitio web de Fundaci\u00f3n Iuvare XXI proporciona gran diversidad de informaci\u00f3n, servicios y datos.\u00a0El usuario asume su responsabilidad en el correcto uso de la p\u00e1gina web.\u00a0Esta responsabilidad se extender\u00e1 a:<\/span><\/p>\n<ul>\n<li><span>La veracidad y licitud de las informaciones aportadas por el usuario en los formularios facilitados por Fundaci\u00f3n Iuvare XXI para el acceso a determinados contenidos o servicios ofrecidos por la web.<\/span><\/li>\n<li><span>El uso de la informaci\u00f3n, servicios y datos ofrecidos por Fundaci\u00f3n Iuvare XXI contrariamente a lo dispuesto por las presentes condiciones, la Ley, la moral, las buenas costumbres o el orden p\u00fablico, o que de cualquier otra forma pueda suponer lesi\u00f3n de los derechos de terceros o de la misma funcionamiento del sitio web.<\/span><\/li>\n<\/ul>\n<p><span>Cualquier utilizaci\u00f3n diferente a la autorizada est\u00e1 expresamente prohibida, quedando Fundaci\u00f3n Iuvare XXI facultado para denegar o retirar el acceso y uso de la Web, en cualquier momento, y sin previo aviso, a aquellos usuarios que incumplan estas condiciones generales.<\/span><\/p>\n<p><span>Podr\u00e1 dirigirse a la Autoridad de Control competente para presentar la reclamaci\u00f3n que estime oportuna.<\/span><\/p>\n<h2><strong><em><span>Menores de edad.<\/span><\/em><\/strong><\/h2>\n<p><span>Para el uso de los servicios, los menores de edad deben obtener siempre previamente el consentimiento de los padres, tutores o representantes legales, responsables \u00faltimos de todos los actos realizados por los menores a su cargo.\u00a0La responsabilidad en la determinaci\u00f3n de contenidos concretos a los que acceden los menores corresponde a aquellos, por lo que, si acceden a contenidos no apropiados para Internet, deber\u00e1n establecerse en sus ordenadores mecanismos, en particular programas inform\u00e1ticos, filtros y bloqueos, que permitan limitar los contenidos disponibles y, aunque no sean infalibles, son de especial utilidad para controlar y restringir los materiales a los que pueden acceder los menores.<\/span><\/p>\n<h2><strong><em><span>Propiedad Intelectual, Normativa y Foro<\/span><\/em><\/strong><\/h2>\n<p><span>El sitio web, incluyendo a t\u00edtulo enunciativo pero no limitativo su programaci\u00f3n, edici\u00f3n, compilaci\u00f3n y otros elementos necesarios para su funcionamiento, los dise\u00f1os, logotipos, texto y\/o gr\u00e1ficos, son propiedad de Fundaci\u00f3n Iuvare XXI o en su caso dispone de licencia o autorizaci\u00f3n expresa por parte de los autores.<\/span><\/p>\n<p><span>Todos los contenidos del sitio web se encuentran debidamente protegidos por la normativa de propiedad intelectual e industrial, as\u00ed como los inscritos en los registros p\u00fablicos correspondientes, y no se permite la reproducci\u00f3n y\/o publicaci\u00f3n, total o parcial, del sitio web, ni su tratamiento inform\u00e1tico, su distribuci\u00f3n, difusi\u00f3n, modificaci\u00f3n o transformaci\u00f3n, sin el permiso previo y por escrito de la misma.<\/span><\/p>\n<p><span>Los dise\u00f1os, logotipos, texto y\/o gr\u00e1ficos ajenos a Fundaci\u00f3n Iuvare XXI y que pudieran aparecer en el sitio web, pertenecen a sus respectivos propietarios, siendo ellos mismos responsables de cualquier posible controversia que pudiera suscitar respecto a \u00e9stos.\u00a0En cualquier caso Fundaci\u00f3n Iuvare XXI cuenta con la autorizaci\u00f3n expresa y previa por parte de los mismos.\u00a0Fundaci\u00f3n Iuvare XXI reconoce a favor de sus titulares los correspondientes derechos de propiedad intelectual, no implicando su sola menci\u00f3n o aparici\u00f3n en el sitio web la existencia de derechos o responsabilidad alguna de prestamista sobre los mismos, como tampoco respaldo, patrocinio o recomendaci\u00f3n por \u00e9ste.<\/span><\/p>\n<p><span>El usuario puede utilizar el material que aparezca en este sitio web para su uso personal y privado, quedando prohibido su uso con fines comerciales.\u00a0Fundaci\u00f3n Iuvare XXI velar\u00e1 por el cumplimiento de las anteriores condiciones, como por la debida utilizaci\u00f3n de los contenidos presentados en sus p\u00e1ginas web, ejercitando todas las acciones civiles y penales que le corresponder\u00e1n en el caos de infracci\u00f3n o incumplimiento de estos derechos por parte de el usuario.<\/span><\/p>\n<h2><strong><em><span>Acciones legales, legislaci\u00f3n aplicable y jurisdicci\u00f3n<\/span><\/em><\/strong><\/h2>\n<p><span>Las presentes condiciones de uso se rigen por la legislaci\u00f3n espa\u00f1ola, siendo competentes los Juzgados y Tribunales de la ciudad de Fundaci\u00f3n Iuvare XXI para conocer cualquier cuesti\u00f3n que se suscite sobre la interpretaci\u00f3n, aplicaci\u00f3n y cumplimiento de las mismas.\u00a0Los usuarios, por virtud de su aceptaci\u00f3n a las condiciones generales recogidas en este Aviso Legal, renuncian expresamente a cualquier fuero que, por aplicaci\u00f3n de la vigente Ley de Enjuiciamiento Civil, pueda corresponder.<\/span><\/p>\n<p><span>Fundaci\u00f3n Iuvare XXI se reserva asimismo la facultad de presentar las acciones civiles o penales que considere oportunas por la utilizaci\u00f3n indebida de su sitio web y contenidos, o por el incumplimiento de las presentes condiciones.<\/span><\/p>\n<p><span>La relaci\u00f3n entre el usuario y el prestamista se regir\u00e1 por la normativa vigente y de aplicaci\u00f3n en territorio espa\u00f1ol.\u00a0De surgir cualquier controversia las partes podr\u00e1n someter sus conflictos a arbitraje o acudir a la jurisdicci\u00f3n ordinaria cumpliendo con las normas sobre jurisdicci\u00f3n y competencia al respecto.\u00a0Fundaci\u00f3n Iuvare XXI tiene su domicilio en Barcelona, \u200b\u200bEspa\u00f1a.<\/span><\/p>\n<p><span>Los datos de car\u00e1cter personal que nos has facilitado de forma voluntaria ser\u00e1n incorporados a un fichero del que es titular Fundaci\u00f3n Iuvare XXI que se utilizar\u00e1 para gestionar tu suscripci\u00f3n a nuestro bolet\u00edn a trav\u00e9s de lo que te mantendremos informado de los productos, novedades, servicios y eventos de Fundaci\u00f3n Iuvare XXI con DNI XXXXXXXXX I domicilio en Pg de Sant Gervasi 75, 3-2, 08022 Barcelona y e-mail hola@fundiuvare.com, as\u00ed como la gesti\u00f3n de su inscripci\u00f3n y participaci\u00f3n en sorteos, concursos o eventos que solicite participar.<\/span><\/p>\n<h2><strong><em><span>Suscripciones al bolet\u00edn de noticias<\/span><\/em><\/strong><\/h2>\n<p><span>S\u00f3lo podr\u00e1n prestar su consentimiento personas mayores de 16 a\u00f1os.<\/span><\/p>\n<p><span>Los datos personales proporcionados se conservar\u00e1n hasta que se solicite su supresi\u00f3n o revoque el consentimiento el interesado.<\/span><\/p>\n<p><span>La base legal para el tratamiento de sus datos para poder informar por v\u00eda electr\u00f3nica sobre los productos, novedades, sorteos, servicios, eventos y promociones de Fundaci\u00f3n Iuvare XXI as\u00ed como la gesti\u00f3n de su inscripci\u00f3n y participaci\u00f3n en sorteos, concursos o eventos que solicite, es la aportaci\u00f3n del consentimiento.\u00a0El consentimiento ser\u00e1 v\u00e1lido hasta que decida revocarlo.<\/span><\/p>\n<p><span>Cualquier persona tiene derecho a obtener confirmaci\u00f3n sobre si en Fundaci\u00f3n Iuvare XXI estamos tratando datos personales que les conciernan o no.<\/span><\/p>\n<p><span>Como responsable del archivo, la empresa se compromete a respetar la confidencialidad de la informaci\u00f3n de car\u00e1cter personal.\u00a0Para ejercitar tus derechos de acceso, rectificaci\u00f3n, cancelaci\u00f3n y oposici\u00f3n deber\u00e1s remitir una comunicaci\u00f3n desde la cuenta de correo electr\u00f3nico que utilizaste para tramitar el alta en hola@fundiuvare.com con el asunto BAJA.\u00a0Tramitar la suscripci\u00f3n al boleto presume tu consentimiento para tratar los datos en los t\u00e9rminos indicados.<\/span><\/p>\n<p><span>En el momento de la cancelaci\u00f3n de los datos, \u00fanicamente los conservaremos bloqueados en cumplimiento de obligaciones legales.<\/span><\/p>\n<h2><strong><em><span>Servicios de Contrataci\u00f3n por Internet<\/span><\/em><\/strong><\/h2>\n<p><span>Ciertos contenidos de la website de Fundaci\u00f3n Iuvare XXI contienen la posibilidad de contrataci\u00f3n por Internet.\u00a0El uso de los mismos requerir\u00e1 la lectura y aceptaci\u00f3n obligatoria de las condiciones generales de contrataci\u00f3n establecidas al efecto por Fundaci\u00f3n Iuvare XXI.<\/span><\/p>\n<h2><strong><em><span>Informaci\u00f3n b\u00e1sica<\/span><\/em><\/strong><\/h2>\n<p><strong><span>Responsable del tratamiento<\/span><\/strong><span>\u00a0: Fundaci\u00f3n Iuvare XXI.<\/span><\/p>\n<p><strong><span>Finalidad del tratamiento<\/span><\/strong><span>\u00a0: gestionar las consultas de los usuarios y atender las solicitudes.<\/span><\/p>\n<p><strong><span>Base legal para el tratamiento<\/span><\/strong><span>\u00a0: el consentimiento otorgado con la aceptaci\u00f3n de la presente Pol\u00edtica de Protecci\u00f3n de datos.<\/span><\/p>\n<p><strong><span>Destinatarios de los datos<\/span><\/strong><span>\u00a0: no ser\u00e1n comunicadas a terceras personas excepto por obligaci\u00f3n legal.<\/span><\/p>\n<p><strong><span>Derechos<\/span><\/strong><span>\u00a0: para ejercer los derechos de acceso, rectificaci\u00f3n, portabilidad y supresi\u00f3n de sus datos y los de limitaci\u00f3n y oposici\u00f3n a su tratamiento reconocidos por la normativa, puede enviar un correo a hola@fundiuvare.com.<\/span><\/p>\n<p><strong><span>Para m\u00e1s informaci\u00f3n<\/span><\/strong><span>\u00a0sobre este tratamiento y c\u00f3mo ejercer sus derechos puede consultar nuestra completa pol\u00edtica de protecci\u00f3n de datos en: http:\/\/www.fundiuvare.com.<\/span><\/p>\n<p><strong>\u00a0<\/strong><\/p>\n<p><strong><span>Cr\u00e9ditos del website\u00a0\u00a0\u00a0\u00a0\u00a0\u00a0\u00a0\u00a0\u00a0\u00a0<\/span><\/strong><\/p>\n<p><strong><span>Fundaci\u00f3n Iuvare XXI<\/span><br \/>\n<\/strong><span>\u00a9\u00a0<\/span><strong><span>Derecho de propiedad y copyright<\/span><br \/>\n<\/strong><span>XXXXXXXXX<\/span><br \/>\n<span>hola@fundiuvare.com<\/span><br \/>\n<span>Pg de Sant Gervasi 75, 3-2, 08022 Barcelona<\/span><\/p>\n","protected":false},"excerpt":{"rendered":"<p>Aviso Legal Fundaci\u00f3n Iuvare XXI En cumplimiento del art\u00edculo 10 de la Ley 34\/2002, de 11 de julio, de Servicios de la Sociedad de la Informaci\u00f3n y del Comercio Electr\u00f3nico&#8230;<\/p>\n","protected":false},"author":1,"featured_media":0,"parent":0,"menu_order":0,"comment_status":"closed","ping_status":"closed","template":"","meta":{"footnotes":""},"class_list":["post-355","page","type-page","status-publish"],"_links":{"self":[{"href":"https:\/\/fundiuvare.com\/es\/wp-json\/wp\/v2\/pages\/355","targetHints":{"allow":["GET"]}}],"collection":[{"href":"https:\/\/fundiuvare.com\/es\/wp-json\/wp\/v2\/pages"}],"about":[{"href":"https:\/\/fundiuvare.com\/es\/wp-json\/wp\/v2\/types\/page"}],"author":[{"embeddable":true,"href":"https:\/\/fundiuvare.com\/es\/wp-json\/wp\/v2\/users\/1"}],"replies":[{"embeddable":true,"href":"https:\/\/fundiuvare.com\/es\/wp-json\/wp\/v2\/comments?post=355"}],"version-history":[{"count":1,"href":"https:\/\/fundiuvare.com\/es\/wp-json\/wp\/v2\/pages\/355\/revisions"}],"predecessor-version":[{"id":356,"href":"https:\/\/fundiuvare.com\/es\/wp-json\/wp\/v2\/pages\/355\/revisions\/356"}],"wp:attachment":[{"href":"https:\/\/fundiuvare.com\/es\/wp-json\/wp\/v2\/media?parent=355"}],"curies":[{"name":"wp","href":"https:\/\/api.w.org\/{rel}","templated":true}]}}